{"id":977,"date":"2022-10-14T10:28:36","date_gmt":"2022-10-14T08:28:36","guid":{"rendered":"https:\/\/24wp.rs\/?page_id=977"},"modified":"2022-11-09T10:12:19","modified_gmt":"2022-11-09T09:12:19","slug":"izrada-web-prodavnice","status":"publish","type":"page","link":"https:\/\/24wp.rs\/sr\/izrada-web-prodavnice\/","title":{"rendered":"Izrada web-prodavnice"},"content":{"rendered":"<section class=\"landing-shop-lead\">\n<div class=\"container\">\n<div class=\"landing-shop-lead-wrapper\">\n<h2 class=\"landing-shop-lead-title\">Kompletno re\u0161enje za va\u0161u web prodavnicu<\/h2>\n<p class=\"landing-shop-lead-text\">\u010culi ste kako raste broj prodaja na internetu? Vreme je da i vi pro\u0161irite tr\u017ei\u0161te i napravite slede\u0107i korak!<br \/>\nOtvorite web prodavnicu i ponudite svoje proizvode bez granica!<\/p>\n<div class=\"text-center\"><a class=\"landing-shop-btn\" href=\"#\">Zapo\u010dnite uslugu<\/a><\/div>\n<\/div>\n<\/div>\n<\/section>\n<section class=\"landing-shop-hero\">\n<div class=\"container\">\n<div class=\"landing-shop-hero-wrapper\">\n<figure class=\"landing-shop-hero-image\"><img decoding=\"async\" src=\"\/wp-content\/themes\/cubestheme\/frontend\/img\/landing-hero.png\" alt=\"\" \/><\/figure>\n<div class=\"landing-hero-slider\">\n<p><!-- --><\/p>\n<figure class=\"landing-shop-hero-slider-img img-placeholder\"><img decoding=\"async\" src=\"\/wp-content\/themes\/cubestheme\/frontend\/img\/hero-slider-01.png\" alt=\"\" \/><\/figure>\n<p><!-- --><\/p>\n<figure class=\"landing-shop-hero-slider-img img-placeholder\"><img decoding=\"async\" src=\"\/wp-content\/themes\/cubestheme\/frontend\/img\/hero-slider-02.png\" alt=\"\" \/><\/figure>\n<p><!-- --><\/p>\n<\/div>\n<figure class=\"hero-01 animation\" data-animation=\"fadeIn\"><img decoding=\"async\" src=\"\/wp-content\/themes\/cubestheme\/frontend\/img\/hero-01.png\" alt=\"\" \/><\/figure>\n<figure class=\"hero-02 animation\" data-animation=\"fadeIn\" data-delay=\"0.2s\"><img decoding=\"async\" src=\"\/wp-content\/themes\/cubestheme\/frontend\/img\/hero-02.png\" alt=\"\" \/><\/figure>\n<figure class=\"hero-03 animation\" data-animation=\"fadeIn\" data-delay=\"0.4s\"><img decoding=\"async\" src=\"\/wp-content\/themes\/cubestheme\/frontend\/img\/hero-03.png\" alt=\"\" \/><\/figure>\n<figure class=\"hero-04 animation\" data-animation=\"fadeIn\" data-delay=\"0.6s\"><img decoding=\"async\" src=\"\/wp-content\/themes\/cubestheme\/frontend\/img\/hero-04.png\" alt=\"\" \/><\/figure>\n<\/div>\n<\/div>\n<\/section>\n<section class=\"landing-shop-benefit\">\n<div class=\"container\">\n<div class=\"landing-shop-benefit-wrapper\">\n<article class=\"landing-shop-benefit-item\">\n<div class=\"landing-shop-benefit-header\">\n<figure class=\"landing-shop-benefit-header-image\"><img decoding=\"async\" src=\"\/wp-content\/themes\/cubestheme\/frontend\/img\/expectation-01.png\" alt=\"\" \/><\/figure>\n<h5 class=\"landing-shop-benefit-header-title\">Dizajn po va\u0161oj \u017eelji<\/h5>\n<\/div>\n<p class=\"landing-shop-benefit-data\">Mo\u017eete izabrati ve\u0107 postoje\u0107i dizajn sa wordpress platforme ili mo\u017eemo da za vas napravimo jedinstveno re\u0161enje,<br \/>\nkoje \u0107e dati poseban pe\u010dat va\u0161oj online prodavnici!<\/p>\n<\/article>\n<article class=\"landing-shop-benefit-item\">\n<div class=\"landing-shop-benefit-header\">\n<figure class=\"landing-shop-benefit-header-image\"><img decoding=\"async\" src=\"\/wp-content\/themes\/cubestheme\/frontend\/img\/expectation-02.png\" alt=\"\" \/><\/figure>\n<h5 class=\"landing-shop-benefit-header-title\">Lako upravljanje prodavnicom<\/h5>\n<\/div>\n<p class=\"landing-shop-benefit-data\">Mo\u017eete samostalno odre\u0111ivati kategorije proizvoda, upravljati zalihama, upravljati i<br \/>\npratiti porud\u017ebine i organizovati pre-ordere, povezati se sa bilo kojom kurirskom slu\u017ebom<br \/>\ni omogu\u0107iti kupcima online pla\u0107anje.<\/p>\n<\/article>\n<article class=\"landing-shop-benefit-item\">\n<div class=\"landing-shop-benefit-header\">\n<figure class=\"landing-shop-benefit-header-image\"><img decoding=\"async\" src=\"\/wp-content\/themes\/cubestheme\/frontend\/img\/expectation-03.png\" alt=\"\" \/><\/figure>\n<h5 class=\"landing-shop-benefit-header-title\">Zna\u0107ete svog kupca<\/h5>\n<\/div>\n<p class=\"landing-shop-benefit-data\">S obzirom da mo\u017eete pratiti porud\u017ebine od po\u010detka do kraja,<br \/>\nlako \u0107ete uraditi segmentaciju kupaca ili se obratiti kupcu sa pravom porukom u<br \/>\nnajboljoj fazi prodajnog toka i povec\u0301ajte stopu realizovane kupovine.<\/p>\n<\/article>\n<article class=\"landing-shop-benefit-item\">\n<div class=\"landing-shop-benefit-header\">\n<figure class=\"landing-shop-benefit-header-image\"><img decoding=\"async\" src=\"\/wp-content\/themes\/cubestheme\/frontend\/img\/expectation-04.png\" alt=\"\" \/><\/figure>\n<h5 class=\"landing-shop-benefit-header-title\">Podr\u0161ka kroz marketing alate<\/h5>\n<\/div>\n<p class=\"landing-shop-benefit-data\">Zahvaljuju\u0107i dobroj integracija sa bilo kojim kanalom prodaje<br \/>\n( Google Market, Facebook and Instagram Store),<br \/>\nlako ogla\u0161avajte svoje proizvode, pratite konverzije i postavite prave ciljeve.<\/p>\n<\/article>\n<\/div>\n<\/div>\n<\/section>\n<section class=\"landing-shop-main\" style=\"overflow: hidden;\">\n<div class=\"landing-shop-main-item\">\n<div class=\"row\">\n<div class=\"landing-shop-main-data col-12 col-md-6 col-xl-6\">\n<h2 class=\"landing-shop-main-title\">Kako upravljati web prodavnicom?<\/h2>\n<p class=\"landing-shop-main-text\">Lorem Ipsum is simply dummy text of the printing and typesetting industry.<br \/>\nLorem Ipsum has been the industry&#8217;s standard dummy text ever since the 1500s,<br \/>\nwhen an unknown printer took a galley of type and scrambled it to make a type specimen book.<br \/>\nIt has survived not only five centuries, but also the leap into electronic typesetting, remaining essentially unchanged.<\/p>\n<\/div>\n<div class=\"landing-shop-main-image-wrapper col-12 col-md-6 col-xl-6\" style=\"background: #FFC441;\">\n<figure class=\"landing-shop-main-image\"><img decoding=\"async\" src=\"\/wp-content\/themes\/cubestheme\/frontend\/img\/landing-shop-main.png\" alt=\"\" \/><\/figure>\n<\/div>\n<\/div>\n<\/div>\n<div class=\"landing-shop-main-item\">\n<div class=\"row\">\n<div class=\"landing-shop-main-data col-12 col-md-6 col-xl-6\">\n<h2 class=\"landing-shop-main-title\">Kako upravljati web prodavnicom?<\/h2>\n<p class=\"landing-shop-main-text\">Lorem Ipsum is simply dummy text of the printing and typesetting industry.<br \/>\nLorem Ipsum has been the industry&#8217;s standard dummy text ever since the 1500s,<br \/>\nwhen an unknown printer took a galley of type and scrambled it to make a type specimen book.<br \/>\nIt has survived not only five centuries, but also the leap into electronic typesetting, remaining essentially unchanged.<\/p>\n<\/div>\n<div class=\"landing-shop-main-image-wrapper col-12 col-md-6 col-xl-6\" style=\"background: #5188FF;\">\n<figure class=\"landing-shop-main-image\"><img decoding=\"async\" src=\"\/wp-content\/themes\/cubestheme\/frontend\/img\/landing-shop-main.png\" alt=\"\" \/><\/figure>\n<\/div>\n<\/div>\n<\/div>\n<div class=\"landing-shop-main-item\">\n<div class=\"row\">\n<div class=\"landing-shop-main-data col-12 col-md-6 col-xl-6\">\n<h2 class=\"landing-shop-main-title\">Kako upravljati web prodavnicom?<\/h2>\n<p class=\"landing-shop-main-text\">Lorem Ipsum is simply dummy text of the printing and typesetting industry.<br \/>\nLorem Ipsum has been the industry&#8217;s standard dummy text ever since the 1500s,<br \/>\nwhen an unknown printer took a galley of type and scrambled it to make a type specimen book.<br \/>\nIt has survived not only five centuries, but also the leap into electronic typesetting, remaining essentially unchanged.<\/p>\n<\/div>\n<div class=\"landing-shop-main-image-wrapper col-12 col-md-6 col-xl-6\" style=\"background: #0099FE;\">\n<figure class=\"landing-shop-main-image\"><img decoding=\"async\" src=\"\/wp-content\/themes\/cubestheme\/frontend\/img\/landing-shop-main.png\" alt=\"\" \/><\/figure>\n<\/div>\n<\/div>\n<\/div>\n<\/section>\n<section class=\"landing-shop-package\" style=\"background-image: url('\/wp-content\/themes\/cubestheme\/frontend\/img\/landing-package-bg.png');\">\n<div class=\"container\">\n<div class=\"landing-shop-package-wrapper\">\n<h3 class=\"landing-shop-package-title\">Odaberite paket<\/h3>\n<p class=\"landing-shop-package-text\">Bez obzira da li vam je potrebno jednostavno re\u0161enje u kratkom vremenskom roku ili sajt<br \/>\njedinstvenog dizajna i funkcionalnosti &#8211; imamo re\u0161enje za vas!<\/p>\n<div class=\"landing-shop-package-item-wrapper\">\n<article class=\"landing-shop-package-item\">\n<h4>Osnovni paket<\/h4>\n<p>Izrada sajta za 24h<\/p>\n<ul class=\"list-unstyled\">\n<li>WordPress tema po \u017eelji<\/li>\n<li>Hosting i domen<\/li>\n<li>WordPress instalacija i uvezivanje<\/li>\n<li>Osnovni SEO paket<\/li>\n<li>Mobile Responsive dizajn<\/li>\n<li>Ograni\u010den broj stranica<\/li>\n<li>24\/7 podr\u0161ka, 1 mesec<\/li>\n<li>Ograni\u010den broj proizvoda<\/li>\n<li>Integracija sa bilo kojim kanalom prodaje<\/li>\n<li>Povezivanje sa kurirsom slu\u017ebom<\/li>\n<li>Mogu\u0107nost online pla\u0107anja<\/li>\n<\/ul>\n<h3>$300<\/h3>\n<div class=\"landing-shop-package-btn-wrapper\"><a class=\"landing-shop-package-btn\" href=\"#\">Poru\u010di odmah<\/a><\/div>\n<\/article>\n<article class=\"landing-shop-package-item\">\n<h4>Premium paket<\/h4>\n<p>Izrada sajta za 24 dana<\/p>\n<ul class=\"list-unstyled\">\n<li>Jednistven dizajn<\/li>\n<li>Dodatne funkcionalnosti po \u017eelji<\/li>\n<li>Hosting i domen<\/li>\n<li>WordPress instalacija i uvezivanje<\/li>\n<li>Premium SEO paket<\/li>\n<li>Mobile Responsive dizajn<\/li>\n<li>Obuka za kori\u0161\u0107enje platforme<\/li>\n<li>Optimizovana brzina stranice<\/li>\n<li>Skaliranje<\/li>\n<li>24\/7 podr\u0161ka, 1 mesec<\/li>\n<li>Integraciaj sa ERP-om<\/li>\n<li>Integracija sa bilo kojim kanalom prodaje<\/li>\n<li>Povezivanje sa kurirsom slu\u017ebom<\/li>\n<li>Mogu\u0107nost online pla\u0107anja<\/li>\n<\/ul>\n<div class=\"landing-shop-package-btn-wrapper\"><a class=\"landing-package-btn\" href=\"#\">Po\u0161alji upit<\/a><\/div>\n<\/article>\n<\/div>\n<\/div>\n<\/div>\n<\/section>\n<section class=\"landing-shop-expectation\">\n<div class=\"container\">\n<div class=\"landing-shop-expectation-wrapper\">\n<h3 class=\"landing-shop-expectation-title\">\u0160ta mo\u017eete o\u010dekivati od nas?<\/h3>\n<p class=\"landing-shop-expectation-text\">Ukratko, 24WordPress \u0107e vam ponuditi efikasno, profesionalno, jednostavno, brzo, bezbedno i inovativno re\u0161enja za Va\u0161 sajt,<br \/>\nza najbolje korisni\u010dko iskustvo va\u0161ih posetilaca.<\/p>\n<div class=\"landing-shop-expectation-item-wrapper\">\n<article class=\"landing-shop-expectation-item\">\n<div class=\"landing-shop-expectation-header\">\n<figure class=\"landing-shop-expectation-header-image\"><img decoding=\"async\" src=\"\/wp-content\/themes\/cubestheme\/frontend\/img\/expectation-01.png\" alt=\"\" \/><\/figure>\n<h5 class=\"landing-shop-expectation-header-title\">Profesionalnost<\/h5>\n<\/div>\n<p class=\"landing-shop-expectation-data\">Na\u0161a parola je \u201eBolje je biti izuzetan u jednoj stvari, nego prose\u010dan u mnogim stvarima\u201c.<br \/>\nZa nas, ta jedna je WordPress i malo kompanija mo\u017ee da nam parira.<\/p>\n<\/article>\n<article class=\"landing-shop-expectation-item\">\n<div class=\"landing-shop-expectation-header\">\n<figure class=\"landing-shop-expectation-header-image\"><img decoding=\"async\" src=\"\/wp-content\/themes\/cubestheme\/frontend\/img\/expectation-02.png\" alt=\"\" \/><\/figure>\n<h5 class=\"landing-shop-expectation-header-title\">Iskustvo<\/h5>\n<\/div>\n<p class=\"landing-shop-expectation-data\">Od 2015. godine zavr\u0161ili smo preko 100 projekata iz razli\u010ditih industrija: zabava, moda, obrazovanje, finansije&#8230;<\/p>\n<\/article>\n<article class=\"landing-shop-expectation-item\">\n<div class=\"landing-shop-expectation-header\">\n<figure class=\"landing-shop-expectation-header-image\"><img decoding=\"async\" src=\"\/wp-content\/themes\/cubestheme\/frontend\/img\/expectation-03.png\" alt=\"\" \/><\/figure>\n<h5 class=\"landing-shop-expectation-header-title\">Efikasnost<\/h5>\n<\/div>\n<p class=\"landing-shop-expectation-data\">Va\u0161 sajt, u zavisnosti od paketa usluga koji izaberete, mo\u017ee biti gotov za 24h ili 24 dana od trenutka postignutog dogovora.<\/p>\n<\/article>\n<article class=\"landing-shop-expectation-item\">\n<div class=\"landing-shop-expectation-header\">\n<figure class=\"landing-shop-expectation-header-image\"><img decoding=\"async\" src=\"\/wp-content\/themes\/cubestheme\/frontend\/img\/expectation-04.png\" alt=\"\" \/><\/figure>\n<h5 class=\"landing-shop-expectation-header-title\">Kreativnost<\/h5>\n<\/div>\n<p class=\"landing-shop-expectation-data\">Na\u0161 kreativni tim pristupa svakom projektu sa posebnom pa\u017enjom. Nakon detaljne analize, svaki klijent dobija jedinstveno i inovativno re\u0161enje.<\/p>\n<\/article>\n<article class=\"landing-shop-expectation-item\">\n<div class=\"landing-shop-expectation-header\">\n<figure class=\"landing-shop-expectation-header-image\"><img decoding=\"async\" src=\"\/wp-content\/themes\/cubestheme\/frontend\/img\/expectation-05.png\" alt=\"\" \/><\/figure>\n<h5 class=\"landing-shop-expectation-header-title\">Sve na 1 mestu<\/h5>\n<\/div>\n<p class=\"landing-shop-expectation-data\">Bez obzira da li \u017eelite kompletan paket usluga ili samo jedan od segmenata, mo\u017eete da ra\u010dunati da je 24wp pravo mesto za Vas.<\/p>\n<\/article>\n<article class=\"landing-shop-expectation-item\">\n<div class=\"landing-shop-expectation-header\">\n<figure class=\"landing-shop-expectation-header-image\"><img decoding=\"async\" src=\"\/wp-content\/themes\/cubestheme\/frontend\/img\/expectation-06.png\" alt=\"\" \/><\/figure>\n<h5 class=\"landing-shop-expectation-header-title\">Pomo\u0107<\/h5>\n<\/div>\n<p class=\"landing-shop-expectation-data\">Niste sigurni kakav sajt Vam je potreban, mi smo tu da Vam predlo\u017eimo najbolje re\u0161enje. Po\u0161aljite nam upit i mi \u0107emo Vas kontaktirati u najkra\u0107em roku.<\/p>\n<\/article>\n<\/div>\n<\/div>\n<\/div>\n<\/section>\n<section class=\"landing-shop-qa\">\n<div class=\"container\">\n<div class=\"landing-shop-qa-wrapper\">\n<div class=\"landing-shop-qa-info\">\n<h2 class=\"landing-shop-qa-info-title\">Tu smo za Vas 24\/7<\/h2>\n<p class=\"landing-shop-qa-info-text\">24wp tehni\u010dka podr\u0161ka na raspolaganju Vam je za sva pitanja, nedoumice i konsultacije.<\/p>\n<p class=\"landing-shop-qa-info-text\">Izdvojili smo i odgovorili na naj\u010de\u0161\u0107e postavljana pitanja.<br \/>\nAko \u017eeljeni odgovor niste prona\u0161li, slobodno nam se javite putem kontakt forme ili na broj telefona:<\/p>\n<p><a class=\"landing-shop-qa-link\" href=\"\/kontakt\">Kontaktirajte nas<\/a><\/p>\n<p><img decoding=\"async\" src=\"\/wp-content\/themes\/cubestheme\/frontend\/img\/arrow-right-yellow.png\" alt=\"\" \/><\/p>\n<p>&nbsp;<\/p>\n<\/div>\n<div class=\"landing-qa-acordion\">\n<div class=\"landing-qa-data-wrapper\">\n<div class=\"landing-qa-data-title-wrapper\">\n<h3 class=\"landing-qa-data-title\">Koja je razlika izme\u0111u gotove teme i custom dizajna?<\/h3>\n<\/div>\n<div class=\"landing-qa-data-content\">\n<p>MasterClass is the streaming platform that makes it possible for anyone to watch or listen to hundreds of video lessons<br \/>\ntaught by 150+ of the world\u2019s best.<\/p>\n<p>Whether it be in business and leadership, photography, cooking, writing, acting, music, sports and more,<br \/>\nMasterClass delivers a world class online learning experience. Video lessons are available anytime,<br \/>\nanywhere on your smartphone, personal computer, Apple TV and FireTV streaming media players.<\/p>\n<\/div>\n<\/div>\n<div class=\"landing-qa-data-wrapper\">\n<div class=\"landing-qa-data-title-wrapper\">\n<h3 class=\"landing-qa-data-title\">Da li radite redizajn postoje\u0107eg shop-a?<\/h3>\n<\/div>\n<div class=\"landing-qa-data-content\">\n<p>MasterClass is the streaming platform that makes it possible for anyone to watch or listen to hundreds of video lessons<br \/>\ntaught by 150+ of the world\u2019s best.<\/p>\n<p>Whether it be in business and leadership, photography, cooking, writing, acting, music, sports and more,<br \/>\nMasterClass delivers a world class online learning experience. Video lessons are available anytime,<br \/>\nanywhere on your smartphone, personal computer, Apple TV and FireTV streaming media players.<\/p>\n<\/div>\n<\/div>\n<div class=\"landing-qa-data-wrapper\">\n<div class=\"landing-qa-data-title-wrapper\">\n<h3 class=\"landing-qa-data-title\">Koji tipovi proizvoda mogu da se prodaju putem sajta?<\/h3>\n<\/div>\n<div class=\"landing-qa-data-content\">\n<p>MasterClass is the streaming platform that makes it possible for anyone to watch or listen to hundreds of video lessons<br \/>\ntaught by 150+ of the world\u2019s best.<\/p>\n<p>Whether it be in business and leadership, photography, cooking, writing, acting, music, sports and more,<br \/>\nMasterClass delivers a world class online learning experience. Video lessons are available anytime,<br \/>\nanywhere on your smartphone, personal computer, Apple TV and FireTV streaming media players.<\/p>\n<\/div>\n<\/div>\n<div class=\"landing-qa-data-wrapper\">\n<div class=\"landing-qa-data-title-wrapper\">\n<h3 class=\"landing-qa-data-title\">Da li mo\u017eemo da prodajemo i u inostranstvu?<\/h3>\n<\/div>\n<div class=\"landing-qa-data-content\">\n<p>MasterClass is the streaming platform that makes it possible for anyone to watch or listen to hundreds of video lessons<br \/>\ntaught by 150+ of the world\u2019s best.<\/p>\n<p>Whether it be in business and leadership, photography, cooking, writing, acting, music, sports and more,<br \/>\nMasterClass delivers a world class online learning experience. Video lessons are available anytime,<br \/>\nanywhere on your smartphone, personal computer, Apple TV and FireTV streaming media players.<\/p>\n<\/div>\n<\/div>\n<div class=\"landing-qa-data-wrapper\">\n<div class=\"landing-qa-data-title-wrapper\">\n<h3 class=\"landing-qa-data-title\">\u0160ta ako ve\u0107 imam zakupljen domen?<\/h3>\n<\/div>\n<div class=\"landing-qa-data-content\">\n<p>MasterClass is the streaming platform that makes it possible for anyone to watch or listen to hundreds of video lessons<br \/>\ntaught by 150+ of the world\u2019s best.<\/p>\n<p>Whether it be in business and leadership, photography, cooking, writing, acting, music, sports and more,<br \/>\nMasterClass delivers a world class online learning experience. Video lessons are available anytime,<br \/>\nanywhere on your smartphone, personal computer, Apple TV and FireTV streaming media players.<\/p>\n<\/div>\n<\/div>\n<div class=\"landing-qa-data-wrapper\">\n<div class=\"landing-qa-data-title-wrapper\">\n<h3 class=\"landing-qa-data-title\">\u0160ta ako nemam logo?<\/h3>\n<\/div>\n<div class=\"landing-qa-data-content\">\n<p>MasterClass is the streaming platform that makes it possible for anyone to watch or listen to hundreds of video lessons<br \/>\ntaught by 150+ of the world\u2019s best.<\/p>\n<p>Whether it be in business and leadership, photography, cooking, writing, acting, music, sports and more,<br \/>\nMasterClass delivers a world class online learning experience. Video lessons are available anytime,<br \/>\nanywhere on your smartphone, personal computer, Apple TV and FireTV streaming media players.<\/p>\n<\/div>\n<\/div>\n<\/div>\n<\/div>\n<p><a class=\"landing-shop-qa-more\" href=\"#\">Sva pitanja<\/a><\/p>\n<p>&nbsp;<\/p>\n<\/div>\n<\/section>\n<section class=\"landing-shop-slider\" style=\"background-image: url('\/wp-content\/themes\/cubestheme\/frontend\/img\/landing-slider-bg.png');\">\n<div class=\"container\">\n<div class=\"landing-shop-slider-header\">\n<h2 class=\"landing-shop-slider-title\">Projekti<\/h2>\n<p><a class=\"landing-shop-slider-btn\" href=\"#\"><br \/>\nSvi projekti<\/a><\/p>\n<p><img decoding=\"async\" src=\"\/wp-content\/themes\/cubestheme\/frontend\/img\/arrow-right-yellow.png\" alt=\"\" \/><\/p>\n<p>&nbsp;<\/p>\n<\/div>\n<div class=\"landing-slider-carousel owl-carousel owl-theme\">\n<figure class=\"landing-slider-img\"><img decoding=\"async\" src=\"\/wp-content\/themes\/cubestheme\/frontend\/img\/landing-slider-01.png\" alt=\"\" \/><\/figure>\n<p>&nbsp;<\/p>\n<p><!-- --><\/p>\n<figure class=\"landing-slider-img\"><img decoding=\"async\" src=\"\/wp-content\/themes\/cubestheme\/frontend\/img\/landing-slider-02.png\" alt=\"\" \/><\/figure>\n<p>&nbsp;<\/p>\n<p><!-- --><\/p>\n<figure class=\"landing-slider-img\"><img decoding=\"async\" src=\"\/wp-content\/themes\/cubestheme\/frontend\/img\/landing-slider-01.png\" alt=\"\" \/><\/figure>\n<p>&nbsp;<\/p>\n<p><!-- --><\/p>\n<figure class=\"landing-slider-img\"><img decoding=\"async\" src=\"\/wp-content\/themes\/cubestheme\/frontend\/img\/landing-slider-02.png\" alt=\"\" \/><\/figure>\n<p>&nbsp;<\/p>\n<p><!-- --><\/p>\n<\/div>\n<div class=\"landing-slider-project owl-carousel owl-theme\"><a class=\"landing-slider-project-item\" href=\"#\">Korporativni<\/a><br \/>\n<a class=\"landing-slider-project-item\" href=\"#\">Portfloio<\/a><br \/>\n<a class=\"landing-slider-project-item\" href=\"#\">Blog<\/a><br \/>\n<a class=\"landing-slider-project-item\" href=\"#\">Mobile<\/a><br \/>\n<a class=\"landing-slider-project-item\" href=\"#\">Ugostitejstvo<\/a><br \/>\n<a class=\"landing-slider-project-item\" href=\"#\">Ostali servisi<\/a><br \/>\n<a class=\"landing-slider-project-item\" href=\"#\">Ugostitejstvo<\/a><br \/>\n<a class=\"landing-slider-project-item\" href=\"#\">Ostali servisi<\/a><\/div>\n<\/div>\n<\/section>\n","protected":false},"excerpt":{"rendered":"<p>Kompletno re\u0161enje za va\u0161u web prodavnicu \u010culi ste kako raste broj prodaja na internetu? Vreme je da i vi pro\u0161irite tr\u017ei\u0161te i napravite slede\u0107i korak! Otvorite web prodavnicu i ponudite svoje proizvode bez granica! Zapo\u010dnite uslugu Dizajn po va\u0161oj \u017eelji Mo\u017eete izabrati ve\u0107 postoje\u0107i dizajn sa wordpress platforme ili mo\u017eemo da za vas napravimo jedinstveno [&hellip;]<\/p>\n","protected":false},"author":1,"featured_media":0,"parent":0,"menu_order":0,"comment_status":"closed","ping_status":"closed","template":"page-webshop.php","meta":{"_acf_changed":false,"_seopress_robots_primary_cat":"","_seopress_titles_title":"","_seopress_titles_desc":"","_seopress_robots_index":"","footnotes":""},"class_list":["post-977","page","type-page","status-publish","hentry"],"acf":[],"_links":{"self":[{"href":"https:\/\/24wp.rs\/sr\/wp-json\/wp\/v2\/pages\/977","targetHints":{"allow":["GET"]}}],"collection":[{"href":"https:\/\/24wp.rs\/sr\/wp-json\/wp\/v2\/pages"}],"about":[{"href":"https:\/\/24wp.rs\/sr\/wp-json\/wp\/v2\/types\/page"}],"author":[{"embeddable":true,"href":"https:\/\/24wp.rs\/sr\/wp-json\/wp\/v2\/users\/1"}],"replies":[{"embeddable":true,"href":"https:\/\/24wp.rs\/sr\/wp-json\/wp\/v2\/comments?post=977"}],"version-history":[{"count":57,"href":"https:\/\/24wp.rs\/sr\/wp-json\/wp\/v2\/pages\/977\/revisions"}],"predecessor-version":[{"id":1454,"href":"https:\/\/24wp.rs\/sr\/wp-json\/wp\/v2\/pages\/977\/revisions\/1454"}],"wp:attachment":[{"href":"https:\/\/24wp.rs\/sr\/wp-json\/wp\/v2\/media?parent=977"}],"curies":[{"name":"wp","href":"https:\/\/api.w.org\/{rel}","templated":true}]}}