{"id":974,"date":"2022-10-14T10:28:20","date_gmt":"2022-10-14T08:28:20","guid":{"rendered":"https:\/\/24wp.rs\/?page_id=974"},"modified":"2022-11-09T10:12:44","modified_gmt":"2022-11-09T09:12:44","slug":"izrada-web-sajta","status":"publish","type":"page","link":"https:\/\/24wp.rs\/sr\/izrada-web-sajta\/","title":{"rendered":"Izrada web-sajta"},"content":{"rendered":"<section class=\"landing-lead\">\n<div class=\"container\">\n<div class=\"landing-lead-wrapper\">\n<h2 class=\"landing-lead-title\">Brzo i lako do sajta po va\u0161oj \u017eelji<\/h2>\n<p class=\"landing-lead-text\">\u017delite sebe, svoju ideju ili uslugu da predstavite na internetu?<br \/>\nPotrebna Vam je profesionalna izrada sajta, ali ne znate odakle da po\u010dnete?<\/p>\n<div class=\"text-center\"><a class=\"landing-btn\" href=\"#\">Zapo\u010dni uslugu<\/a><\/div>\n<\/div>\n<\/div>\n<\/section>\n<section class=\"landing-hero\">\n<div class=\"container\">\n<div class=\"landing-hero-wrapper\">\n<figure class=\"landing-hero-image\"><img decoding=\"async\" src=\"img\/landing-hero.png\" alt=\"\" \/><\/figure>\n<div class=\"landing-hero-slider\">\n<figure class=\"landing-hero-slider-img img-placeholder\"><img decoding=\"async\" src=\"img\/hero-slider-01.png\" alt=\"\" \/><\/figure>\n<p>&nbsp;<\/p>\n<figure class=\"landing-hero-slider-img img-placeholder\"><img decoding=\"async\" src=\"img\/hero-slider-02.png\" alt=\"\" \/><\/figure>\n<p>&nbsp;<\/p>\n<\/div>\n<figure class=\"hero-01 animation\" data-animation=\"fadeIn\"><img decoding=\"async\" src=\"img\/hero-01.png\" alt=\"\" \/><\/figure>\n<figure class=\"hero-02 animation\" data-animation=\"fadeIn\" data-delay=\"0.2s\"><img decoding=\"async\" src=\"img\/hero-02.png\" alt=\"\" \/><\/figure>\n<figure class=\"hero-03 animation\" data-animation=\"fadeIn\" data-delay=\"0.4s\"><img decoding=\"async\" src=\"img\/hero-03.png\" alt=\"\" \/><\/figure>\n<figure class=\"hero-04 animation\" data-animation=\"fadeIn\" data-delay=\"0.6s\"><img decoding=\"async\" src=\"img\/hero-04.png\" alt=\"\" \/><\/figure>\n<\/div>\n<\/div>\n<\/section>\n<section class=\"landing-step\">\n<div class=\"container\">\n<div class=\"landing-step-wrapper\">\n<article class=\"landing-step-item\">\n<div class=\"landing-step-title-wrapper\">\n<p>1<\/p>\n<h4 class=\"landing-step-title\">Imate domen ili vam je potreban?<\/h4>\n<\/div>\n<p class=\"landing-step-text\">Prvi korak je izbor domena. Po\u0161aljite nam kako biste \u017eeleli da glasi, a mi \u0107emo za Vas prona\u0107i najbolju dostupnu opciju.<br \/>\nAko ve\u0107 imate svoj sajt, potrebno je samo da nam po\u0161aljete njegovu url adresu.<\/p>\n<\/article>\n<article class=\"landing-step-item\">\n<div class=\"landing-step-title-wrapper\">\n<p>2<\/p>\n<h4 class=\"landing-step-title\">Izaberi hosting paket<\/h4>\n<\/div>\n<p class=\"landing-step-text\">Drugi korak je izbor hosting paketa. Nudimo Vam 3 opcije hostinga, koje se razlikuju po tipu i koli\u010dini skladi\u0161nog prostora.<br \/>\nNa\u0161 tim je tu da Vam pomogne da odaberete koja opcija je najbolja za Va\u0161 biznis.<\/p>\n<\/article>\n<article class=\"landing-step-item\">\n<div class=\"landing-step-title-wrapper\">\n<p>3<\/p>\n<h4 class=\"landing-step-title\">Izaberite temu ili jedinstven dizajn<\/h4>\n<\/div>\n<p class=\"landing-step-text\">Potrebno Vam je jednostavno re\u0161enje?Izaberite jednu od 7.000 WordPress tema.<br \/>\nAko Vam treba jedinstveno osmi\u0161ljen dizajn, sa funkcijama koje sami birate, na\u0161 razvojni tim osmisli\u0107e sajt po va\u0161im \u017eeljama.<\/p>\n<\/article>\n<\/div>\n<\/div>\n<\/section>\n<section class=\"landing-slider\" style=\"background-image: url('img\/landing-slider-bg.png');\">\n<div class=\"container\">\n<div class=\"landing-slider-header-wrapper\">\n<div class=\"landing-slider-header\">\n<h2 class=\"landing-slider-title\">Odaberi jedinstven dizajn za svoj biznis<\/h2>\n<div class=\"landing-slider-text-wrapper\">\n<p class=\"landing-slider-text\">Odlu\u010dili ste se za custom dizajn jer \u017eelite svoj biznis da istaknete u moru drugih?Predstavljamo vam<br \/>\nneka od na\u0161ih mnogobrojnih re\u0161enja, specijalno osmi\u0161ljenih za svakog klijenta, prema delatnosti kojom se bave, potrebama biznisa i \u017eeljama.<\/p>\n<p class=\"landing-slider-text\">Javite nam se i postanite jedan od na\u0161ih zadovljnih klijenata<\/p>\n<\/div>\n<\/div>\n<p><a class=\"landing-slider-btn\" href=\"#\"><br \/>\nSvi projekti<\/a><\/p>\n<p><img decoding=\"async\" src=\"img\/arrow-right-yellow.png\" alt=\"\" \/><\/p>\n<p>&nbsp;<\/p>\n<\/div>\n<div class=\"landing-slider-carousel owl-carousel owl-theme\">\n<figure class=\"landing-slider-img\"><img decoding=\"async\" src=\"img\/landing-slider-01.png\" alt=\"\" \/><\/figure>\n<p>&nbsp;<\/p>\n<figure class=\"landing-slider-img\"><img decoding=\"async\" src=\"img\/landing-slider-02.png\" alt=\"\" \/><\/figure>\n<p>&nbsp;<\/p>\n<figure class=\"landing-slider-img\"><img decoding=\"async\" src=\"img\/landing-slider-01.png\" alt=\"\" \/><\/figure>\n<p>&nbsp;<\/p>\n<figure class=\"landing-slider-img\"><img decoding=\"async\" src=\"img\/landing-slider-02.png\" alt=\"\" \/><\/figure>\n<p>&nbsp;<\/p>\n<\/div>\n<div class=\"landing-slider-project owl-carousel owl-theme\"><a class=\"landing-slider-project-item\" href=\"#\">Korporativni<\/a><br \/>\n<a class=\"landing-slider-project-item\" href=\"#\">Portfloio<\/a><br \/>\n<a class=\"landing-slider-project-item\" href=\"#\">Blog<\/a><br \/>\n<a class=\"landing-slider-project-item\" href=\"#\">Mobile<\/a><br \/>\n<a class=\"landing-slider-project-item\" href=\"#\">Ugostitejstvo<\/a><br \/>\n<a class=\"landing-slider-project-item\" href=\"#\">Ostali servisi<\/a><br \/>\n<a class=\"landing-slider-project-item\" href=\"#\">Ugostitejstvo<\/a><br \/>\n<a class=\"landing-slider-project-item\" href=\"#\">Ostali servisi<\/a><\/div>\n<\/div>\n<\/section>\n<section class=\"landing-package\" style=\"background-image: url('img\/landing-package-bg.png');\">\n<div class=\"container\">\n<div class=\"landing-package-wrapper\">\n<h3 class=\"landing-package-title\">Odaberite paket<\/h3>\n<p class=\"landing-package-text\">Bez obzira da li vam je potrebno jednostavno re\u0161enje u kratkom vremenskom roku ili sajt<br \/>\njedinstvenog dizajna i funkcionalnosti &#8211; imamo re\u0161enje za vas!<\/p>\n<div class=\"landing-package-item-wrapper\">\n<article class=\"landing-package-item\">\n<h4>Osnovni paket<\/h4>\n<p>Izrada sajta za 24h<\/p>\n<ul class=\"list-unstyled\">\n<li>WordPress tema po \u017eelji<\/li>\n<li>Hosting i domen<\/li>\n<li>WordPress instalacija i uvezivanje<\/li>\n<li>Osnovni SEO paket<\/li>\n<li>Mobile Responsive dizajn<\/li>\n<li>Ograni\u010den broj stranica<\/li>\n<li>24\/7 podr\u0161ka, 1 mesec<\/li>\n<\/ul>\n<h3>$300<\/h3>\n<div class=\"landing-package-btn-wrapper\"><a class=\"landing-package-btn\" href=\"#\">Poru\u010di odmah<\/a><\/div>\n<\/article>\n<article class=\"landing-package-item\">\n<h4>Premium paket<\/h4>\n<p>Izrada sajta za 24 dana<\/p>\n<ul class=\"list-unstyled\">\n<li>Jednistven dizajn<\/li>\n<li>Dodatne funkcionalnosti po \u017eelji<\/li>\n<li>Hosting i domen<\/li>\n<li>WordPress instalacija i uvezivanje<\/li>\n<li>Premium SEO paket<\/li>\n<li>Mobile Responsive dizajn<\/li>\n<li>Obuka za kori\u0161\u0107enje platforme<\/li>\n<li>Optimizovana brzina stranice<\/li>\n<li>Skaliranje<\/li>\n<li>24\/7 podr\u0161ka, 1 mesec<\/li>\n<\/ul>\n<div class=\"landing-package-btn-wrapper\"><a class=\"landing-package-btn\" href=\"#\">Po\u0161alji upit<\/a><\/div>\n<\/article>\n<\/div>\n<div class=\"landing-package-web\">\n<h3 class=\"landing-package-web-title\">Potreban vam je Web Shop?<\/h3>\n<p><a class=\"landing-package-web-btn\" href=\"#\">Po\u0161alji upit<\/a><\/p>\n<\/div>\n<\/div>\n<\/div>\n<\/section>\n<section class=\"landing-expectation\">\n<div class=\"container\">\n<div class=\"landing-expectation-wrapper\">\n<h3 class=\"landing-expectation-title\">\u0160ta mo\u017eete o\u010dekivati od nas?<\/h3>\n<p class=\"landing-expectation-text\">Ukratko, 24WordPress \u0107e vam ponuditi efikasno, profesionalno, jednostavno, brzo, bezbedno i inovativno re\u0161enja za Va\u0161 sajt,<br \/>\nza najbolje korisni\u010dko iskustvo va\u0161ih posetilaca.<\/p>\n<div class=\"landing-expectation-item-wrapper\">\n<article class=\"landing-expectation-item\">\n<div class=\"landing-expectation-header\">\n<figure class=\"landing-expectation-header-image\"><img decoding=\"async\" src=\"img\/expectation-01.png\" alt=\"\" \/><\/figure>\n<h5 class=\"landing-expectation-header-title\">Profesionalnost<\/h5>\n<\/div>\n<p class=\"landing-expectation-data\">Na\u0161a parola je \u201eBolje je biti izuzetan u jednoj stvari, nego prose\u010dan u mnogim stvarima\u201c.<br \/>\nZa nas, ta jedna je WordPress i malo kompanija mo\u017ee da nam parira.<\/p>\n<\/article>\n<article class=\"landing-expectation-item\">\n<div class=\"landing-expectation-header\">\n<figure class=\"landing-expectation-header-image\"><img decoding=\"async\" src=\"img\/expectation-02.png\" alt=\"\" \/><\/figure>\n<h5 class=\"landing-expectation-header-title\">Iskustvo<\/h5>\n<\/div>\n<p class=\"landing-expectation-data\">Od 2015. godine zavr\u0161ili smo preko 100 projekata iz razli\u010ditih industrija: zabava, moda, obrazovanje, finansije&#8230;<\/p>\n<\/article>\n<article class=\"landing-expectation-item\">\n<div class=\"landing-expectation-header\">\n<figure class=\"landing-expectation-header-image\"><img decoding=\"async\" src=\"img\/expectation-03.png\" alt=\"\" \/><\/figure>\n<h5 class=\"landing-expectation-header-title\">Efikasnost<\/h5>\n<\/div>\n<p class=\"landing-expectation-data\">Va\u0161 sajt, u zavisnosti od paketa usluga koji izaberete, mo\u017ee biti gotov za 24h ili 24 dana od trenutka postignutog dogovora.<\/p>\n<\/article>\n<article class=\"landing-expectation-item\">\n<div class=\"landing-expectation-header\">\n<figure class=\"landing-expectation-header-image\"><img decoding=\"async\" src=\"img\/expectation-04.png\" alt=\"\" \/><\/figure>\n<h5 class=\"landing-expectation-header-title\">Kreativnost<\/h5>\n<\/div>\n<p class=\"landing-expectation-data\">Na\u0161 kreativni tim pristupa svakom projektu sa posebnom pa\u017enjom. Nakon detaljne analize, svaki klijent dobija jedinstveno i inovativno re\u0161enje.<\/p>\n<\/article>\n<article class=\"landing-expectation-item\">\n<div class=\"landing-expectation-header\">\n<figure class=\"landing-expectation-header-image\"><img decoding=\"async\" src=\"img\/expectation-05.png\" alt=\"\" \/><\/figure>\n<h5 class=\"landing-expectation-header-title\">Sve na 1 mestu<\/h5>\n<\/div>\n<p class=\"landing-expectation-data\">Bez obzira da li \u017eelite kompletan paket usluga ili samo jedan od segmenata, mo\u017eete da ra\u010dunati da je 24wp pravo mesto za Vas.<\/p>\n<\/article>\n<article class=\"landing-expectation-item\">\n<div class=\"landing-expectation-header\">\n<figure class=\"landing-expectation-header-image\"><img decoding=\"async\" src=\"img\/expectation-06.png\" alt=\"\" \/><\/figure>\n<h5 class=\"landing-expectation-header-title\">Pomo\u0107<\/h5>\n<\/div>\n<p class=\"landing-expectation-data\">Niste sigurni kakav sajt Vam je potreban, mi smo tu da Vam predlo\u017eimo najbolje re\u0161enje. Po\u0161aljite nam upit i mi \u0107emo Vas kontaktirati u najkra\u0107em roku.<\/p>\n<\/article>\n<\/div>\n<\/div>\n<\/div>\n<\/section>\n<section class=\"landing-qa\">\n<div class=\"container\">\n<div class=\"landing-qa-wrapper\">\n<div class=\"landing-qa-info\">\n<h2 class=\"landing-qa-info-title\">Tu smo za Vas 24\/7<\/h2>\n<p class=\"landing-qa-info-text\">24wp tehni\u010dka podr\u0161ka na raspolaganju Vam je za sva pitanja, nedoumice i konsultacije.<\/p>\n<p class=\"landing-qa-info-text\">Izdvojili smo i odgovorili na naj\u010de\u0161\u0107e postavljana pitanja.<br \/>\nAko \u017eeljeni odgovor niste prona\u0161li, slobodno nam se javite putem kontakt forme ili na broj telefona:<\/p>\n<p><a class=\"landing-qa-link\" href=\"\/contact.php\">Kontaktiraj nas<\/a><\/p>\n<p><img decoding=\"async\" src=\"img\/arrow-right-yellow.png\" alt=\"\" \/><\/p>\n<p>&nbsp;<\/p>\n<\/div>\n<div class=\"landing-qa-acordion\">\n<div class=\"landing-qa-data-wrapper\">\n<div class=\"landing-qa-data-title-wrapper\">\n<h3 class=\"landing-qa-data-title\">Koja je razlika izme\u0111u gotove teme i custem dizajna?<\/h3>\n<\/div>\n<div class=\"landing-qa-data-content\">\n<p>MasterClass is the streaming platform that makes it possible for anyone to watch or listen to hundreds of video lessons<br \/>\ntaught by 150+ of the world\u2019s best.<\/p>\n<p>Whether it be in business and leadership, photography, cooking, writing, acting, music, sports and more,<br \/>\nMasterClass delivers a world class online learning experience. Video lessons are available anytime,<br \/>\nanywhere on your smartphone, personal computer, Apple TV and FireTV streaming media players.<\/p>\n<\/div>\n<\/div>\n<div class=\"landing-qa-data-wrapper\">\n<div class=\"landing-qa-data-title-wrapper\">\n<h3 class=\"landing-qa-data-title\">\u0160ta ako ve\u0107 imam zakupljen domen?<\/h3>\n<\/div>\n<div class=\"landing-qa-data-content\">\n<p>MasterClass is the streaming platform that makes it possible for anyone to watch or listen to hundreds of video lessons<br \/>\ntaught by 150+ of the world\u2019s best.<\/p>\n<p>Whether it be in business and leadership, photography, cooking, writing, acting, music, sports and more,<br \/>\nMasterClass delivers a world class online learning experience. Video lessons are available anytime,<br \/>\nanywhere on your smartphone, personal computer, Apple TV and FireTV streaming media players.<\/p>\n<\/div>\n<\/div>\n<div class=\"landing-qa-data-wrapper\">\n<div class=\"landing-qa-data-title-wrapper\">\n<h3 class=\"landing-qa-data-title\">\u0160ta ako nemam logo?<\/h3>\n<\/div>\n<div class=\"landing-qa-data-content\">\n<p>MasterClass is the streaming platform that makes it possible for anyone to watch or listen to hundreds of video lessons<br \/>\ntaught by 150+ of the world\u2019s best.<\/p>\n<p>Whether it be in business and leadership, photography, cooking, writing, acting, music, sports and more,<br \/>\nMasterClass delivers a world class online learning experience. Video lessons are available anytime,<br \/>\nanywhere on your smartphone, personal computer, Apple TV and FireTV streaming media players.<\/p>\n<\/div>\n<\/div>\n<div class=\"landing-qa-data-wrapper\">\n<div class=\"landing-qa-data-title-wrapper\">\n<h3 class=\"landing-qa-data-title\">Da li sajt mo\u017ee da bude multijezi\u010dan?<\/h3>\n<\/div>\n<div class=\"landing-qa-data-content\">\n<p>MasterClass is the streaming platform that makes it possible for anyone to watch or listen to hundreds of video lessons<br \/>\ntaught by 150+ of the world\u2019s best.<\/p>\n<p>Whether it be in business and leadership, photography, cooking, writing, acting, music, sports and more,<br \/>\nMasterClass delivers a world class online learning experience. Video lessons are available anytime,<br \/>\nanywhere on your smartphone, personal computer, Apple TV and FireTV streaming media players.<\/p>\n<\/div>\n<\/div>\n<div class=\"landing-qa-data-wrapper\">\n<div class=\"landing-qa-data-title-wrapper\">\n<h3 class=\"landing-qa-data-title\">Da li je mogu\u0107e naknadno uno\u0161enje tekstova?<\/h3>\n<\/div>\n<div class=\"landing-qa-data-content\">\n<p>MasterClass is the streaming platform that makes it possible for anyone to watch or listen to hundreds of video lessons<br \/>\ntaught by 150+ of the world\u2019s best.<\/p>\n<p>Whether it be in business and leadership, photography, cooking, writing, acting, music, sports and more,<br \/>\nMasterClass delivers a world class online learning experience. Video lessons are available anytime,<br \/>\nanywhere on your smartphone, personal computer, Apple TV and FireTV streaming media players.<\/p>\n<\/div>\n<\/div>\n<div class=\"landing-qa-data-wrapper\">\n<div class=\"landing-qa-data-title-wrapper\">\n<h3 class=\"landing-qa-data-title\">Imate drugo pitanje?<\/h3>\n<\/div>\n<div class=\"landing-qa-data-content\">\n<p>MasterClass is the streaming platform that makes it possible for anyone to watch or listen to hundreds of video lessons<br \/>\ntaught by 150+ of the world\u2019s best.<\/p>\n<p>Whether it be in business and leadership, photography, cooking, writing, acting, music, sports and more,<br \/>\nMasterClass delivers a world class online learning experience. Video lessons are available anytime,<br \/>\nanywhere on your smartphone, personal computer, Apple TV and FireTV streaming media players.<\/p>\n<\/div>\n<\/div>\n<\/div>\n<\/div>\n<\/div>\n<\/section>\n","protected":false},"excerpt":{"rendered":"<p>Brzo i lako do sajta po va\u0161oj \u017eelji \u017delite sebe, svoju ideju ili uslugu da predstavite na internetu? Potrebna Vam je profesionalna izrada sajta, ali ne znate odakle da po\u010dnete? Zapo\u010dni uslugu &nbsp; &nbsp; 1 Imate domen ili vam je potreban? Prvi korak je izbor domena. Po\u0161aljite nam kako biste \u017eeleli da glasi, a mi [&hellip;]<\/p>\n","protected":false},"author":1,"featured_media":0,"parent":0,"menu_order":0,"comment_status":"closed","ping_status":"closed","template":"page-website.php","meta":{"_acf_changed":false,"_seopress_robots_primary_cat":"","_seopress_titles_title":"","_seopress_titles_desc":"","_seopress_robots_index":"","footnotes":""},"class_list":["post-974","page","type-page","status-publish","hentry"],"acf":[],"_links":{"self":[{"href":"https:\/\/24wp.rs\/sr\/wp-json\/wp\/v2\/pages\/974","targetHints":{"allow":["GET"]}}],"collection":[{"href":"https:\/\/24wp.rs\/sr\/wp-json\/wp\/v2\/pages"}],"about":[{"href":"https:\/\/24wp.rs\/sr\/wp-json\/wp\/v2\/types\/page"}],"author":[{"embeddable":true,"href":"https:\/\/24wp.rs\/sr\/wp-json\/wp\/v2\/users\/1"}],"replies":[{"embeddable":true,"href":"https:\/\/24wp.rs\/sr\/wp-json\/wp\/v2\/comments?post=974"}],"version-history":[{"count":24,"href":"https:\/\/24wp.rs\/sr\/wp-json\/wp\/v2\/pages\/974\/revisions"}],"predecessor-version":[{"id":1455,"href":"https:\/\/24wp.rs\/sr\/wp-json\/wp\/v2\/pages\/974\/revisions\/1455"}],"wp:attachment":[{"href":"https:\/\/24wp.rs\/sr\/wp-json\/wp\/v2\/media?parent=974"}],"curies":[{"name":"wp","href":"https:\/\/api.w.org\/{rel}","templated":true}]}}