{"id":931,"date":"2022-10-13T10:17:35","date_gmt":"2022-10-13T08:17:35","guid":{"rendered":"https:\/\/24wp.rs\/?page_id=931"},"modified":"2024-03-18T15:09:18","modified_gmt":"2024-03-18T14:09:18","slug":"najcesca-pitanja","status":"publish","type":"page","link":"https:\/\/24wp.rs\/sr\/najcesca-pitanja\/","title":{"rendered":"Naj\u010de\u0161\u0107a pitanja"},"content":{"rendered":"<p>24wp tehni\u010dka podr\u0161ka na raspolaganju Vam je za sva pitanja, nedoumice i konsultacije.<\/p>\n<p>Izdvojili smo i odgovorili na naj\u010de\u0161\u0107e postavljana pitanja. Ako me\u0111u njima nije odgovor na pitanje koje Vas zanima, uvek nam mo\u017eete pisati na e-mail\u00a0 <a href=\"mailto:office@24wp.net\">office@24wp.net<\/a>\u00a0 ili nas pozvati na broj\u00a0 +381 64 659 65 09 .<\/p>\n","protected":false},"excerpt":{"rendered":"<p>24wp tehni\u010dka podr\u0161ka na raspolaganju Vam je za sva pitanja, nedoumice i konsultacije. Izdvojili smo i odgovorili na naj\u010de\u0161\u0107e postavljana pitanja. Ako me\u0111u njima nije odgovor na pitanje koje Vas zanima, uvek nam mo\u017eete pisati na e-mail\u00a0 office@24wp.net\u00a0 ili nas pozvati na broj\u00a0 +381 64 659 65 09 .<\/p>\n","protected":false},"author":1,"featured_media":0,"parent":0,"menu_order":0,"comment_status":"closed","ping_status":"closed","template":"page-faq.php","meta":{"_acf_changed":false,"_seopress_robots_primary_cat":"","_seopress_titles_title":"24wp - Naj\u010de\u0161\u0107a Pitanja - Tu smo za Vas 24\/7","_seopress_titles_desc":"24wp tehni\u010dka podr\u0161ka na raspolaganju Vam je za sva pitanja, nedoumice i konsultacije.","_seopress_robots_index":"","footnotes":""},"class_list":["post-931","page","type-page","status-publish","hentry"],"acf":[],"_links":{"self":[{"href":"https:\/\/24wp.rs\/sr\/wp-json\/wp\/v2\/pages\/931","targetHints":{"allow":["GET"]}}],"collection":[{"href":"https:\/\/24wp.rs\/sr\/wp-json\/wp\/v2\/pages"}],"about":[{"href":"https:\/\/24wp.rs\/sr\/wp-json\/wp\/v2\/types\/page"}],"author":[{"embeddable":true,"href":"https:\/\/24wp.rs\/sr\/wp-json\/wp\/v2\/users\/1"}],"replies":[{"embeddable":true,"href":"https:\/\/24wp.rs\/sr\/wp-json\/wp\/v2\/comments?post=931"}],"version-history":[{"count":14,"href":"https:\/\/24wp.rs\/sr\/wp-json\/wp\/v2\/pages\/931\/revisions"}],"predecessor-version":[{"id":1660,"href":"https:\/\/24wp.rs\/sr\/wp-json\/wp\/v2\/pages\/931\/revisions\/1660"}],"wp:attachment":[{"href":"https:\/\/24wp.rs\/sr\/wp-json\/wp\/v2\/media?parent=931"}],"curies":[{"name":"wp","href":"https:\/\/api.w.org\/{rel}","templated":true}]}}