{"id":745,"date":"2022-01-24T08:22:19","date_gmt":"2022-01-24T07:22:19","guid":{"rendered":"https:\/\/24wp.rs\/wordpress-razvoj\/"},"modified":"2024-03-18T15:26:51","modified_gmt":"2024-03-18T14:26:51","slug":"wordpress-razvoj","status":"publish","type":"page","link":"https:\/\/24wp.rs\/sr\/wordpress-razvoj\/","title":{"rendered":"WordPress razvoj"},"content":{"rendered":"","protected":false},"excerpt":{"rendered":"","protected":false},"author":1,"featured_media":0,"parent":0,"menu_order":0,"comment_status":"closed","ping_status":"closed","template":"page-wordpress-development.php","meta":{"_acf_changed":false,"_seopress_robots_primary_cat":"","_seopress_titles_title":"24wp - WordPress Razvoj Sajtova i E-prodavnica","_seopress_titles_desc":"Bogato iskustvo nam omogu\u0107ava razumevanje razli\u010ditih industrija, zbog \u010dega mo\u017eemo precizno implementirati posebne funkcionalnosti, klju\u010dne za Va\u0161 uspeh.","_seopress_robots_index":"","footnotes":""},"class_list":["post-745","page","type-page","status-publish","hentry"],"acf":[],"_links":{"self":[{"href":"https:\/\/24wp.rs\/sr\/wp-json\/wp\/v2\/pages\/745","targetHints":{"allow":["GET"]}}],"collection":[{"href":"https:\/\/24wp.rs\/sr\/wp-json\/wp\/v2\/pages"}],"about":[{"href":"https:\/\/24wp.rs\/sr\/wp-json\/wp\/v2\/types\/page"}],"author":[{"embeddable":true,"href":"https:\/\/24wp.rs\/sr\/wp-json\/wp\/v2\/users\/1"}],"replies":[{"embeddable":true,"href":"https:\/\/24wp.rs\/sr\/wp-json\/wp\/v2\/comments?post=745"}],"version-history":[{"count":19,"href":"https:\/\/24wp.rs\/sr\/wp-json\/wp\/v2\/pages\/745\/revisions"}],"predecessor-version":[{"id":1720,"href":"https:\/\/24wp.rs\/sr\/wp-json\/wp\/v2\/pages\/745\/revisions\/1720"}],"wp:attachment":[{"href":"https:\/\/24wp.rs\/sr\/wp-json\/wp\/v2\/media?parent=745"}],"curies":[{"name":"wp","href":"https:\/\/api.w.org\/{rel}","templated":true}]}}