{"id":738,"date":"2022-02-09T14:36:42","date_gmt":"2022-02-09T13:36:42","guid":{"rendered":"https:\/\/24wp.rs\/hosting\/"},"modified":"2024-03-18T15:47:41","modified_gmt":"2024-03-18T14:47:41","slug":"hosting","status":"publish","type":"page","link":"https:\/\/24wp.rs\/sr\/hosting\/","title":{"rendered":"Hosting"},"content":{"rendered":"","protected":false},"excerpt":{"rendered":"","protected":false},"author":1,"featured_media":0,"parent":0,"menu_order":0,"comment_status":"closed","ping_status":"closed","template":"page-wordpress-hosting.php","meta":{"_acf_changed":false,"_seopress_robots_primary_cat":"","_seopress_titles_title":"24wp - Hosting i Odr\u017eavanje sajtova","_seopress_titles_desc":"Pouzdanost i brzina sajta su klju\u010d uspeha na internetu. Sa na\u0161om uslugom hostinga i odr\u017eavanja mo\u017eete se osloniti na nas, da brinemo o svim tehni\u010dkim detaljima, dok vi rastete i razvijate svoj biznis.","_seopress_robots_index":"","footnotes":""},"class_list":["post-738","page","type-page","status-publish","hentry"],"acf":[],"_links":{"self":[{"href":"https:\/\/24wp.rs\/sr\/wp-json\/wp\/v2\/pages\/738","targetHints":{"allow":["GET"]}}],"collection":[{"href":"https:\/\/24wp.rs\/sr\/wp-json\/wp\/v2\/pages"}],"about":[{"href":"https:\/\/24wp.rs\/sr\/wp-json\/wp\/v2\/types\/page"}],"author":[{"embeddable":true,"href":"https:\/\/24wp.rs\/sr\/wp-json\/wp\/v2\/users\/1"}],"replies":[{"embeddable":true,"href":"https:\/\/24wp.rs\/sr\/wp-json\/wp\/v2\/comments?post=738"}],"version-history":[{"count":12,"href":"https:\/\/24wp.rs\/sr\/wp-json\/wp\/v2\/pages\/738\/revisions"}],"predecessor-version":[{"id":1344,"href":"https:\/\/24wp.rs\/sr\/wp-json\/wp\/v2\/pages\/738\/revisions\/1344"}],"wp:attachment":[{"href":"https:\/\/24wp.rs\/sr\/wp-json\/wp\/v2\/media?parent=738"}],"curies":[{"name":"wp","href":"https:\/\/api.w.org\/{rel}","templated":true}]}}