{"id":735,"date":"2022-01-24T10:55:46","date_gmt":"2022-01-24T09:55:46","guid":{"rendered":"https:\/\/24wp.rs\/prilagodjen-wordpress-veb-dizajn\/"},"modified":"2024-03-18T15:24:24","modified_gmt":"2024-03-18T14:24:24","slug":"prilagodjen-wordpress-veb-dizajn","status":"publish","type":"page","link":"https:\/\/24wp.rs\/sr\/prilagodjen-wordpress-veb-dizajn\/","title":{"rendered":"Custom WordPress web-dizajn"},"content":{"rendered":"","protected":false},"excerpt":{"rendered":"","protected":false},"author":1,"featured_media":0,"parent":0,"menu_order":0,"comment_status":"closed","ping_status":"closed","template":"page-wordpress-design.php","meta":{"_acf_changed":false,"_seopress_robots_primary_cat":"","_seopress_titles_title":"24wp - Custom WordPress Dizajn","_seopress_titles_desc":"U\u010dini\u0107emo da Va\u0161 sajt bude poseban. Dobar, jedinstven dizajn, prilago\u0111en Va\u0161em biznisu, da\u0107e Vam prednost i izdvoji\u0107e Vas u odnosu na konkurenciju.","_seopress_robots_index":"","footnotes":""},"class_list":["post-735","page","type-page","status-publish","hentry"],"acf":[],"_links":{"self":[{"href":"https:\/\/24wp.rs\/sr\/wp-json\/wp\/v2\/pages\/735","targetHints":{"allow":["GET"]}}],"collection":[{"href":"https:\/\/24wp.rs\/sr\/wp-json\/wp\/v2\/pages"}],"about":[{"href":"https:\/\/24wp.rs\/sr\/wp-json\/wp\/v2\/types\/page"}],"author":[{"embeddable":true,"href":"https:\/\/24wp.rs\/sr\/wp-json\/wp\/v2\/users\/1"}],"replies":[{"embeddable":true,"href":"https:\/\/24wp.rs\/sr\/wp-json\/wp\/v2\/comments?post=735"}],"version-history":[{"count":38,"href":"https:\/\/24wp.rs\/sr\/wp-json\/wp\/v2\/pages\/735\/revisions"}],"predecessor-version":[{"id":1725,"href":"https:\/\/24wp.rs\/sr\/wp-json\/wp\/v2\/pages\/735\/revisions\/1725"}],"wp:attachment":[{"href":"https:\/\/24wp.rs\/sr\/wp-json\/wp\/v2\/media?parent=735"}],"curies":[{"name":"wp","href":"https:\/\/api.w.org\/{rel}","templated":true}]}}