{"id":1417,"date":"2022-10-28T11:59:59","date_gmt":"2022-10-28T09:59:59","guid":{"rendered":"https:\/\/24sp.rs\/thankyou\/"},"modified":"2024-03-06T16:14:28","modified_gmt":"2024-03-06T15:14:28","slug":"thankyou-sr","status":"publish","type":"page","link":"https:\/\/24wp.rs\/sr\/thankyou-sr\/","title":{"rendered":"Thankyou sr"},"content":{"rendered":"<h1 class=\"lead-info-title\">Hvala Vam!<\/h1>\n<div class=\"lead-info-data\">\n<p>Va\u0161a poruka je uspe\u0161no poslata!<\/p>\n<p>Na\u0161 tim \u0107e Vas kontaktirati u najkra\u0107em roku.<\/p>\n<\/div>\n","protected":false},"excerpt":{"rendered":"<p>Hvala Vam! Va\u0161a poruka je uspe\u0161no poslata! Na\u0161 tim \u0107e Vas kontaktirati u najkra\u0107em roku.<\/p>\n","protected":false},"author":1,"featured_media":0,"parent":0,"menu_order":0,"comment_status":"closed","ping_status":"closed","template":"page-thankyou.php","meta":{"_acf_changed":false,"_seopress_robots_primary_cat":"","_seopress_titles_title":"24wp - Hvala vam na poslatom zahtevu! ","_seopress_titles_desc":"Hvala Vam! Va\u0161a poruka je uspe\u0161no poslata! Na\u0161 tim \u0107e Vas kontaktirati u najkra\u0107em roku.","_seopress_robots_index":"","footnotes":""},"class_list":["post-1417","page","type-page","status-publish","hentry"],"acf":[],"_links":{"self":[{"href":"https:\/\/24wp.rs\/sr\/wp-json\/wp\/v2\/pages\/1417","targetHints":{"allow":["GET"]}}],"collection":[{"href":"https:\/\/24wp.rs\/sr\/wp-json\/wp\/v2\/pages"}],"about":[{"href":"https:\/\/24wp.rs\/sr\/wp-json\/wp\/v2\/types\/page"}],"author":[{"embeddable":true,"href":"https:\/\/24wp.rs\/sr\/wp-json\/wp\/v2\/users\/1"}],"replies":[{"embeddable":true,"href":"https:\/\/24wp.rs\/sr\/wp-json\/wp\/v2\/comments?post=1417"}],"version-history":[{"count":6,"href":"https:\/\/24wp.rs\/sr\/wp-json\/wp\/v2\/pages\/1417\/revisions"}],"predecessor-version":[{"id":1661,"href":"https:\/\/24wp.rs\/sr\/wp-json\/wp\/v2\/pages\/1417\/revisions\/1661"}],"wp:attachment":[{"href":"https:\/\/24wp.rs\/sr\/wp-json\/wp\/v2\/media?parent=1417"}],"curies":[{"name":"wp","href":"https:\/\/api.w.org\/{rel}","templated":true}]}}